{"id":5525,"date":"2015-06-13T07:07:22","date_gmt":"2015-06-13T07:07:22","guid":{"rendered":"http:\/\/webnus.net\/themes\/churchsuite-wp\/remittal\/?page_id=5525"},"modified":"2015-06-13T07:07:22","modified_gmt":"2015-06-13T07:07:22","slug":"smallgroup","status":"publish","type":"page","link":"https:\/\/lingadziccap.org\/index.php\/smallgroup\/","title":{"rendered":"SmallGroup"},"content":{"rendered":"<div class=\"wpb-content-wrapper\">[vc_row row_type=&#8221;2&#8243; blox_height=&#8221;424&#8243; blox_image=&#8221;5656&#8243; page_title=&#8221;page-title-x&#8221; blox_dark=&#8221;true&#8221; video_fullscreen=&#8221;true&#8221; video_type=&#8221;video\/youtube&#8221;][vc_column]<hr class=\"vertical-space4\"><hr class=\"vertical-space4\"><hr class=\"vertical-space3\">[vc_column_text]\n<h2 style=\"letter-spacing: 3px;\">SMALL GROUP<\/h2>\n<p style=\"margin-top: 15px;\">LEARN MORE ABOUT OUR FAITH COMMUNITY<\/p>\n[\/vc_column_text][\/vc_column][\/vc_row][vc_row video_fullscreen=&#8221;true&#8221; video_url=&#8221;&#8221; video_type=&#8221;video\/youtube&#8221;][vc_column][\/vc_column][\/vc_row][vc_row video_fullscreen=&#8221;true&#8221; video_url=&#8221;&#8221; video_type=&#8221;video\/youtube&#8221;][vc_column]<hr class=\"vertical-space4\"><div class=\"sub-content\"><h6 class=\"h-sub-content\">ABOUT SMALL GROUPS<\/h6><\/div>[\/vc_column][\/vc_row][vc_row video_fullscreen=&#8221;true&#8221; video_url=&#8221;&#8221; video_type=&#8221;video\/youtube&#8221;][vc_column width=&#8221;1\/2&#8243;][vc_single_image image=&#8221;5658&#8243; img_size=&#8221;full&#8221;][\/vc_column][vc_column width=&#8221;1\/2&#8243;]<hr class=\"vertical-space1\">[vc_column_text]\n<h3>A Quick Review<\/h3>\n<p>People grow best when they are connected in healthy small groups. We were never intended to live life alone,but we were created for relationships.<\/p>\n<p>accumsan ipsum et nibh rhoncus, eget tempus sapien ultricies. Donec mollis nimb Cras luctus interdum sodales. Quisque quis odio. Sedes sit amet neque malesuada, lobortis commodo magna ntesque pharetra metus vivera sagittis Nullam placerat.<\/p>\n<p><strong>We are a community who want to follow Jesus. We would love you to come and be amongst us.<\/strong><\/p>\n<p>We are a community who want to follow Jesus. We would love you to come and be amongst us.[\/vc_column_text][\/vc_column][\/vc_row][vc_row video_fullscreen=&#8221;true&#8221; video_url=&#8221;&#8221; video_type=&#8221;video\/youtube&#8221;][vc_column]<hr class=\"vertical-space1\">[\/vc_column][\/vc_row][vc_row video_fullscreen=&#8221;true&#8221; video_url=&#8221;&#8221; video_type=&#8221;video\/youtube&#8221;][vc_column width=&#8221;2\/3&#8243;]<hr class=\"vertical-space1\"><div class=\"sub-content\"><h6 class=\"h-sub-content\">WHAT ARE SMALL GROUPS<\/h6><\/div><hr class=\"vertical-space1\">[vc_column_text]Small Groups are made of 5-6 couples or eight to twelve individuals who gather to study God\u2019s Word and discuss the issues and challenges of life that we all face. It is also <strong>where we pray and care for one another<\/strong> and where you are missed when you are not there.<\/p>\n<p>Small Groups come in all shapes and sizes \u2013 married couples, singles, men\u2019s, women\u2019s, children, no children, workplace, young adult or empty nesters.[\/vc_column_text]<hr class=\"vertical-space4\"><div class=\"sub-content\"><h6 class=\"h-sub-content\">PURPOSE OF SMALL GROUPS<\/h6><\/div><hr class=\"vertical-space1\">[vc_row_inner][vc_column_inner width=&#8221;1\/2&#8243;][vc_single_image image=&#8221;5552&#8243; img_size=&#8221;full&#8221;][\/vc_column_inner][vc_column_inner width=&#8221;1\/2&#8243;][vc_column_text]\n<h3>Life change can<\/h3>\n<h3>happen here<\/h3>\n[\/vc_column_text][vc_column_text]There are <strong>five essentials components<\/strong> you will see in our small groups:[\/vc_column_text][vc_column_text]\n<ul class=\"check\">\n<li class=\"\"><strong>Life Chang<\/strong><\/li>\n<li class=\"\"><strong>Cultivate Relationships<\/strong><\/li>\n<li class=\"\"><strong>Promote Participation<\/strong><\/li>\n<li class=\"\"><strong>Provide Care<\/strong><\/li>\n<li class=\"\"><strong>Identify Future Leaders<\/strong><\/li>\n<\/ul>\n[\/vc_column_text][\/vc_column_inner][\/vc_row_inner]<hr class=\"vertical-space4\"><div class=\"sub-content\"><h6 class=\"h-sub-content\">HOW TO JOIN A SMALL GROUP<\/h6><\/div>[vc_column_text]We know it can be difficult to take the next step from a large group environment like our weekend worship experience to a smaller setting. That\u2019s why we would like to offer a few suggestions to help.<\/p>\n<p>&nbsp;<\/p>\n<p>1) Register for our Men\u2019s or Women\u2019s ministry. Click ether of these links to begin the process.<br \/>\n<a href=\"#\">Women\u2019s Ministry<\/a> and <a href=\"#\">Men\u2019s Ministry<\/a><\/p>\n<p>2) Volunteering is a great way to meet people who are already plugged into a small group.<br \/>\n<a href=\"#\">View Volunteer Opportunities<\/a>[\/vc_column_text]<hr class=\"vertical-space4\">[\/vc_column][vc_column width=&#8221;1\/3&#8243; css=&#8221;.vc_custom_1474535643980{padding-right: 15px !important;padding-left: 15px !important;background-color: #f8f8f8 !important;background-position: 0 0 !important;background-repeat: repeat !important;}&#8221;]<hr class=\"vertical-space1\"><div class=\"sub-content\"><h6 class=\"h-sub-content\">QUICK FIND<\/h6><\/div><hr class=\"vertical-space1\"><article class=\"icon-box1\" ><h4>BECOME A MEMBER<\/h4><p>Le terme adwords d\u00e9signe l\u2019offre publicitaire de Google, qui consiste en I\u2019 achat de mots-cl\u00e9s pour diffuser une publicit\u00e9 de mani\u00e8re\u2026<\/p><a  class=\"magicmore\" href=\"#\">READ MORE<\/a><\/article><hr class=\"vertical-space3\"><article class=\"icon-box1\" ><h4>GET BAPTIZED<\/h4><p>Le terme adwords d\u00e9signe l\u2019offre publicitaire de Google, qui consiste en I\u2019 achat de mots-cl\u00e9s pour diffuser une publicit\u00e9 de mani\u00e8re\u2026<\/p><a  class=\"magicmore\" href=\"#\">READ MORE<\/a><\/article><hr class=\"vertical-space3\"><article class=\"icon-box1\" ><h4>ESSENTIAL CLASSES<\/h4><p>Le terme adwords d\u00e9signe l\u2019offre publicitaire de Google, qui consiste en I\u2019 achat de mots-cl\u00e9s pour diffuser une publicit\u00e9 de mani\u00e8re\u2026<\/p><a  class=\"magicmore\" href=\"#\">READ MORE<\/a><\/article><hr class=\"vertical-space3\"><article class=\"icon-box1\" ><h4>VOLENTEER<\/h4><p>Le terme adwords d\u00e9signe l\u2019offre publicitaire de Google, qui consiste en I\u2019 achat de mots-cl\u00e9s pour diffuser une publicit\u00e9 de mani\u00e8re\u2026<\/p><a  class=\"magicmore\" href=\"#\">READ MORE<\/a><\/article><hr class=\"vertical-space3\"><article class=\"icon-box1\" ><h4>NEED PRAYER<\/h4><p>Le terme adwords d\u00e9signe l\u2019offre publicitaire de Google, qui consiste en I\u2019 achat de mots-cl\u00e9s pour diffuser une publicit\u00e9 de mani\u00e8re\u2026<\/p><a  class=\"magicmore\" href=\"#\">READ MORE<\/a><\/article><hr class=\"vertical-space3\">[\/vc_column][\/vc_row]\n<\/div>","protected":false},"excerpt":{"rendered":"<p>[vc_row row_type=&#8221;2&#8243; blox_height=&#8221;424&#8243; blox_image=&#8221;5656&#8243; page_title=&#8221;page-title-x&#8221; blox_dark=&#8221;true&#8221; video_fullscreen=&#8221;true&#8221; video_type=&#8221;video\/youtube&#8221;][vc_column][vc_column_text] SMALL GROUP LEARN MORE ABOUT OUR FAITH COMMUNITY [\/vc_column_text][\/vc_column][\/vc_row][vc_row video_fullscreen=&#8221;true&#8221; video_url=&#8221;&#8221; video_type=&#8221;video\/youtube&#8221;][vc_column][\/vc_column][\/vc_row][vc_row video_fullscreen=&#8221;true&#8221; video_url=&#8221;&#8221; video_type=&#8221;video\/youtube&#8221;][vc_column][\/vc_column][\/vc_row][vc_row video_fullscreen=&#8221;true&#8221; video_url=&#8221;&#8221; video_type=&#8221;video\/youtube&#8221;][vc_column width=&#8221;1\/2&#8243;][vc_single_image image=&#8221;5658&#8243; img_size=&#8221;full&#8221;][\/vc_column][vc_column width=&#8221;1\/2&#8243;][vc_column_text] A Quick Review People grow best when they are connected in healthy small groups. We were never intended to live life alone,but we were created for relationships. accumsan ipsum et nibh rhoncus, eget tempus sapien ultricies. Donec mollis nimb Cras luctus interdum sodales. Quisque quis odio. Sedes sit amet neque malesuada, lobortis commodo magna ntesque pharetra metus vivera sagittis Nullam placerat. We are a community who want to follow Jesus. We would love you to come and be amongst us. We are a community who want to follow Jesus. We would love you to come and be amongst us.[\/vc_column_text][\/vc_column][\/vc_row][vc_row video_fullscreen=&#8221;true&#8221; video_url=&#8221;&#8221; video_type=&#8221;video\/youtube&#8221;][vc_column][\/vc_column][\/vc_row][vc_row video_fullscreen=&#8221;true&#8221; video_url=&#8221;&#8221; video_type=&#8221;video\/youtube&#8221;][vc_column width=&#8221;2\/3&#8243;][vc_column_text]Small Groups are made of 5-6 couples or eight to twelve individuals who gather to study God\u2019s Word and discuss the issues and challenges of life that we all face. It is also where we pray and care for one another and where you are missed when you are not there. Small Groups come in all shapes and sizes \u2013 married couples, singles, men\u2019s, women\u2019s, children, no children, workplace, young adult or empty nesters.[\/vc_column_text][vc_row_inner][vc_column_inner width=&#8221;1\/2&#8243;][vc_single_image image=&#8221;5552&#8243; img_size=&#8221;full&#8221;][\/vc_column_inner][vc_column_inner width=&#8221;1\/2&#8243;][vc_column_text] Life change can happen here [\/vc_column_text][vc_column_text]There are five essentials components you will see in our small groups:[\/vc_column_text][vc_column_text] Life Chang Cultivate Relationships Promote Participation Provide Care Identify Future Leaders [\/vc_column_text][\/vc_column_inner][\/vc_row_inner][vc_column_text]We know it can be difficult to take the next step from a large group environment like our weekend worship experience to a smaller setting. That\u2019s why we would like to offer a few suggestions to help. &nbsp; 1) Register for our Men\u2019s or Women\u2019s ministry. Click ether of these links to begin the process. Women\u2019s Ministry and Men\u2019s&#8230; <\/p>\n<p><a class=\"readmore\" href=\"https:\/\/lingadziccap.org\/index.php\/smallgroup\/\">Read More<\/a><\/p>\n","protected":false},"author":2,"featured_media":0,"parent":0,"menu_order":0,"comment_status":"closed","ping_status":"open","template":"","meta":{"footnotes":""},"class_list":["post-5525","page","type-page","status-publish","hentry"],"jetpack_sharing_enabled":true,"_links":{"self":[{"href":"https:\/\/lingadziccap.org\/index.php\/wp-json\/wp\/v2\/pages\/5525","targetHints":{"allow":["GET"]}}],"collection":[{"href":"https:\/\/lingadziccap.org\/index.php\/wp-json\/wp\/v2\/pages"}],"about":[{"href":"https:\/\/lingadziccap.org\/index.php\/wp-json\/wp\/v2\/types\/page"}],"author":[{"embeddable":true,"href":"https:\/\/lingadziccap.org\/index.php\/wp-json\/wp\/v2\/users\/2"}],"replies":[{"embeddable":true,"href":"https:\/\/lingadziccap.org\/index.php\/wp-json\/wp\/v2\/comments?post=5525"}],"version-history":[{"count":1,"href":"https:\/\/lingadziccap.org\/index.php\/wp-json\/wp\/v2\/pages\/5525\/revisions"}],"predecessor-version":[{"id":9031,"href":"https:\/\/lingadziccap.org\/index.php\/wp-json\/wp\/v2\/pages\/5525\/revisions\/9031"}],"wp:attachment":[{"href":"https:\/\/lingadziccap.org\/index.php\/wp-json\/wp\/v2\/media?parent=5525"}],"curies":[{"name":"wp","href":"https:\/\/api.w.org\/{rel}","templated":true}]}}